{"id":19,"date":"2018-04-30T14:12:46","date_gmt":"2018-04-30T12:12:46","guid":{"rendered":"http:\/\/lacuisinedenounours.fr\/?page_id=19"},"modified":"2018-04-30T14:17:35","modified_gmt":"2018-04-30T12:17:35","slug":"a-propos","status":"publish","type":"page","link":"https:\/\/lacuisinedenounours.fr\/?page_id=19","title":{"rendered":"A propos"},"content":{"rendered":"<p>Qui est Nounours, en fait ?<\/p>\n<p>Nounours est un gars avec :<\/p>\n<ul>\n<li>Une sale habitude de ne pas se raser le weekend<\/li>\n<li>Une facheuse tendance a bougonner quand on le reveille t\u00f4t<\/li>\n<li>Une aversion marqu\u00e9e pour la malbouffe<\/li>\n<\/ul>\n<p>Pendant la semaine Nounours essaye de faire fonctionner des ordinateurs, ou au moins de le faire dysfonctionner suffisamment rarement pour que personne ne l&rsquo;appelle.<\/p>\n<p>ce site a pour objectif de maximiser le plaisir pris en accomplissant l&rsquo;acte n\u00e9cessaire de manger pour ne pas se d\u00e9composer<\/p>\n<p>Oui, il y a plein de sites de cuisine plus int\u00e9ressants, tenus pas des personnes plus comp\u00e9tentes , plein. Mais si ne serai-ce qu&rsquo;une personne peut retirer une pinc\u00e9e d&rsquo;inspiration de ces pages, alors cela n&rsquo;aura pas \u00e9t\u00e9 vain.<\/p>\n<p>Amusez vous bien dans votre propre cuisine<\/p>\n<p>.Nounours<\/p>\n","protected":false},"excerpt":{"rendered":"<p>Qui est Nounours, en fait ? Nounours est un gars avec : Une sale habitude de ne pas se raser le weekend Une facheuse tendance a bougonner quand on le [&hellip;]<\/p>\n","protected":false},"author":1,"featured_media":0,"parent":0,"menu_order":0,"comment_status":"closed","ping_status":"closed","template":"","meta":{"_crdt_document":"","footnotes":""},"class_list":["post-19","page","type-page","status-publish","hentry"],"_links":{"self":[{"href":"https:\/\/lacuisinedenounours.fr\/index.php?rest_route=\/wp\/v2\/pages\/19","targetHints":{"allow":["GET"]}}],"collection":[{"href":"https:\/\/lacuisinedenounours.fr\/index.php?rest_route=\/wp\/v2\/pages"}],"about":[{"href":"https:\/\/lacuisinedenounours.fr\/index.php?rest_route=\/wp\/v2\/types\/page"}],"author":[{"embeddable":true,"href":"https:\/\/lacuisinedenounours.fr\/index.php?rest_route=\/wp\/v2\/users\/1"}],"replies":[{"embeddable":true,"href":"https:\/\/lacuisinedenounours.fr\/index.php?rest_route=%2Fwp%2Fv2%2Fcomments&post=19"}],"version-history":[{"count":3,"href":"https:\/\/lacuisinedenounours.fr\/index.php?rest_route=\/wp\/v2\/pages\/19\/revisions"}],"predecessor-version":[{"id":22,"href":"https:\/\/lacuisinedenounours.fr\/index.php?rest_route=\/wp\/v2\/pages\/19\/revisions\/22"}],"wp:attachment":[{"href":"https:\/\/lacuisinedenounours.fr\/index.php?rest_route=%2Fwp%2Fv2%2Fmedia&parent=19"}],"curies":[{"name":"wp","href":"https:\/\/api.w.org\/{rel}","templated":true}]}}